{"id":3876,"date":"2018-01-17T20:58:52","date_gmt":"2018-01-17T19:58:52","guid":{"rendered":"http:\/\/neo-osteo.de\/?page_id=3876"},"modified":"2024-04-03T13:18:44","modified_gmt":"2024-04-03T11:18:44","slug":"team","status":"publish","type":"page","link":"https:\/\/nutriexperts.com\/bgm-2\/","title":{"rendered":"BGM Ostepathie.de"},"content":{"rendered":"<p>[vc_row full_width=&#8220;stretch_row_content_no_spaces&#8220;][vc_column][vc_empty_space height=&#8220;100px&#8220;][\/vc_column][\/vc_row][vc_row full_width=&#8220;stretch_row_content_no_spaces&#8220; parallax=&#8220;content-moving&#8220; css=&#8220;.vc_custom_1711727029465{background-image: url(http:\/\/nutriexperts.com\/bgm-2\/wp-content\/uploads\/sites\/37\/pexels-karolina-grabowska-4506109-scaled.jpg?id=4150) !important;}&#8220;][vc_column width=&#8220;1\/2&#8243;][vc_single_image image=&#8220;4114&#8243; img_size=&#8220;full&#8220;][vc_empty_space height=&#8220;100px&#8220;][vc_empty_space height=&#8220;100px&#8220;][vc_empty_space height=&#8220;100px&#8220;][vc_empty_space height=&#8220;100px&#8220;][vc_empty_space height=&#8220;100px&#8220;][vc_empty_space height=&#8220;100px&#8220;][\/vc_column][vc_column width=&#8220;1\/2&#8243;][vc_empty_space height=&#8220;100px&#8220;][vc_empty_space height=&#8220;100px&#8220;][vc_empty_space height=&#8220;100px&#8220;][vc_empty_space height=&#8220;100px&#8220;][vc_empty_space height=&#8220;100px&#8220;][vc_empty_space height=&#8220;100px&#8220;][vc_single_image image=&#8220;4113&#8243; img_size=&#8220;full&#8220;][\/vc_column][\/vc_row][vc_row full_width=&#8220;stretch_row_content&#8220;][vc_column width=&#8220;1\/2&#8243;][vc_empty_space height=&#8220;40px&#8220;][vc_single_image image=&#8220;4115&#8243; img_size=&#8220;400&#215;50&#8243; alignment=&#8220;center&#8220; style=&#8220;vc_box_shadow&#8220;][vc_empty_space height=&#8220;40px&#8220;][vc_single_image image=&#8220;4080&#8243; img_size=&#8220;450&#215;350&#8243; alignment=&#8220;center&#8220; style=&#8220;vc_box_shadow_3d&#8220; onclick=&#8220;custom_link&#8220; link=&#8220;#BGM&#8220;][\/vc_column][vc_column width=&#8220;1\/2&#8243;][vc_empty_space height=&#8220;40px&#8220;][vc_single_image image=&#8220;4119&#8243; img_size=&#8220;400&#215;50&#8243; alignment=&#8220;center&#8220; style=&#8220;vc_box_shadow&#8220;][vc_empty_space height=&#8220;40px&#8220;][vc_single_image image=&#8220;4072&#8243; img_size=&#8220;450&#215;350&#8243; alignment=&#8220;center&#8220; style=&#8220;vc_box_shadow_3d&#8220; onclick=&#8220;custom_link&#8220; link=&#8220;#BGF&#8220;][\/vc_column][\/vc_row][vc_row][vc_column][vc_empty_space height=&#8220;5px&#8220; el_id=&#8220;BGM&#8220;][vc_empty_space height=&#8220;100px&#8220;][\/vc_column][\/vc_row][vc_row full_width=&#8220;stretch_row_content_no_spaces&#8220; css=&#8220;.vc_custom_1708965977868{background-color: #000000 !important;}&#8220;][vc_column][vc_empty_space height=&#8220;50px&#8220;][\/vc_column][\/vc_row][vc_row full_width=&#8220;stretch_row_content_no_spaces&#8220; parallax=&#8220;content-moving&#8220; parallax_speed_bg=&#8220;7&#8243; css=&#8220;.vc_custom_1709469812425{background-image: url(http:\/\/nutriexperts.com\/bgm-2\/wp-content\/uploads\/sites\/37\/small6.png?id=4116) !important;background-position: center;background-repeat: no-repeat !important;background-size: cover !important;}&#8220;][vc_column][vc_empty_space height=&#8220;150px&#8220;][vc_row_inner][vc_column_inner][vc_single_image image=&#8220;4115&#8243; img_size=&#8220;800&#215;100&#8243; alignment=&#8220;center&#8220;][\/vc_column_inner][\/vc_row_inner][vc_empty_space height=&#8220;150px&#8220;][vc_row_inner][vc_column_inner][\/vc_column_inner][\/vc_row_inner][\/vc_column][\/vc_row][vc_row][vc_column width=&#8220;1\/2&#8243;][vc_empty_space height=&#8220;100px&#8220;][vc_single_image image=&#8220;4080&#8243; img_size=&#8220;400&#215;400&#8243; style=&#8220;vc_box_shadow_3d&#8220;][\/vc_column][vc_column width=&#8220;1\/2&#8243;][vc_empty_space height=&#8220;50px&#8220;][vc_column_text]<strong>Jeden Tag, den ein Mitarbeiter ausf\u00e4llt, kostet das Unternehmen<\/strong> <strong>durchschnittlich 400\u20ac<\/strong>.\u00a0 F\u00e4llt ein Mitarbeiter aus, m\u00fcssen andere einspringen, Arbeit bleibt liegen. Die M\u00fchlen mahlen langsamer und oft sogar schlechter, weil unter Druck! M\u00f6gliche Fehler beim Endprodukt w\u00fcrden den Verlust deutlich anheben!<\/p>\n<p>Oft sind die Probleme eben nicht eine Erk\u00e4ltung: Migr\u00e4ne, R\u00fcckenschmerzen, Nackenverspannungen uvm. sind vermutlich kaum einem Menschen unbekannt. Solche Beschwerden k\u00f6nnen allerdings zu noch weitaus gr\u00f6\u00dferen Problemen anwachsen!<\/p>\n<p>Der Schulterschmerz wird zur &#8222;Frozen Shoulder&#8220;, der R\u00fcckenschmerz zum Bandscheibenvorfall. <strong>Nicht nur sind alt eingesessene Beschwerden deutlich schwerer zu behandeln &#8211; Ihre Mitarbeiter fallen auch deutlich l\u00e4nger aus. <\/strong>Einen gut ausgebildeten Mitarbeiter sogar komplett ausfallen zu sehen w\u00fcnscht sich niemand! Als Osteopathen sind genau das dann unsere Patienten.<\/p>\n<p>W\u00e4hrend das sicher schon nach einem sinnvollen Grund klingen mag, seine Mitarbeiter pr\u00e4ventiv fit zu halten, kommt es aber noch besser: Sie verdienen dabei auch noch mehr Umsatz!<\/p>\n<p><strong>Der gr\u00f6\u00dfte Vorteil entsteht durch die Bezuschussung von Krankenkassen: <\/strong>Als Betrieblichen Gesundheitsmanagement-Ma\u00dfnahme,<strong> werden bis zu 80% Ihrer Ausgaben von Krankenkassen bezuschusst. <\/strong>Sie zahlen also pro Behandlung nur einen kleinen Beitrag, w\u00e4hrend jeder Tag, den auch nur ein Mitarbeiter bei Ihnen weniger ausf\u00e4llt, durchschnittlich f\u00fcr 400\u20ac mehr Umsatz sorgt.<\/p>\n<p>[\/vc_column_text][\/vc_column][\/vc_row][vc_row][vc_column][vc_empty_space height=&#8220;150px&#8220;][\/vc_column][\/vc_row][vc_row][vc_column][vc_gallery interval=&#8220;3&#8243; images=&#8220;4189,4190,4191,4188&#8243; img_size=&#8220;1700&#215;600&#8243; onclick=&#8220;&#8220;][vc_empty_space height=&#8220;5px&#8220; el_id=&#8220;BGF&#8220;][\/vc_column][\/vc_row][vc_row][vc_column][vc_empty_space height=&#8220;50px&#8220;][\/vc_column][\/vc_row][vc_row full_width=&#8220;stretch_row_content_no_spaces&#8220; css=&#8220;.vc_custom_1708965977868{background-color: #000000 !important;}&#8220;][vc_column][vc_empty_space height=&#8220;50px&#8220;][\/vc_column][\/vc_row][vc_row full_width=&#8220;stretch_row_content_no_spaces&#8220; parallax=&#8220;content-moving&#8220; parallax_speed_bg=&#8220;7&#8243; css=&#8220;.vc_custom_1709469871550{background-image: url(http:\/\/nutriexperts.com\/bgm-2\/wp-content\/uploads\/sites\/37\/small7.png?id=4117) !important;background-position: center;background-repeat: no-repeat !important;background-size: cover !important;}&#8220;][vc_column][vc_empty_space height=&#8220;150px&#8220;][vc_row_inner][vc_column_inner][vc_single_image image=&#8220;4119&#8243; img_size=&#8220;800&#215;100&#8243; alignment=&#8220;center&#8220;][\/vc_column_inner][\/vc_row_inner][vc_empty_space height=&#8220;150px&#8220;][\/vc_column][\/vc_row][vc_row][vc_column width=&#8220;1\/2&#8243;][vc_empty_space height=&#8220;100px&#8220;][vc_empty_space height=&#8220;50px&#8220;][vc_single_image image=&#8220;4072&#8243; img_size=&#8220;400&#215;400&#8243; alignment=&#8220;center&#8220; style=&#8220;vc_box_shadow_3d&#8220;][\/vc_column][vc_column width=&#8220;1\/2&#8243;][vc_empty_space height=&#8220;100px&#8220;][vc_column_text]<\/p>\n<p style=\"text-align: justify\">Osteopathie im Unternehmen. Wie soll das denn bitte funktionieren?<\/p>\n<p>Ganz einfach: <strong>Sie stellen die n\u00f6tigen R\u00e4ume, wir vermitteln die Osteopathen direkt zu Ihnen vor die Haust\u00fcre.<\/strong> Stellen Sie sich einen Hausbesuch vor &#8211; nur bei ihrem Unternehmen &#8211; direkt und bequem vor Ort!<\/p>\n<p>Pro Mitarbeiter nehmen sich unsere Osteopathen im Monat eine Stunde Zeit, um bestehende Beschwerden zu lindern und m\u00f6gliche Brandherde im Vorfeld einzud\u00e4mmen. Auch wenn sich &#8222;eine Stunde im Monat&#8220; nach nicht viel anh\u00f6ren mag &#8211; pr\u00e4ventiv handelnd kann es eine Menge bewirken!<\/p>\n<p style=\"text-align: justify\">Damit es zu keinem Terminwirrwarr kommt, sorgen wir mit unserem speziellen Mitglieder-Bereich daf\u00fcr, dass Mitarbeiter bequem und unkompliziert Termine vereinbaren k\u00f6nnen. Osteopathen geben ihre Tage an, an denen sie bei den einzelnen Unternehmen zur Verf\u00fcgung stehen und Mitarbeiter k\u00f6nnen sich einfach und diskret eintragen. Nat\u00fcrlich ist es auch kein Problem, wenn einzelne Mitarbeiter Informationen oder eine Bitte zum Absagen\/Verschieben eines Termin an den Osteopathen schicken wollen.<\/p>\n<p>Alle Informationen sind ausschlie\u00dflich f\u00fcr den Patienten und Osteopathen einsehbar. <strong>Private Daten stehen genauso unter Datenschutz wie Informationen \u00fcber ein Unternehmen: Keine andere Firma kann erkennen, welche Unternehmen bei uns behandelt werden.<\/strong> Datenschutz und Schweigepflicht sind schlie\u00dflich Vertrauenssache.[\/vc_column_text][\/vc_column][\/vc_row][vc_row][vc_column][vc_empty_space height=&#8220;50px&#8220;][\/vc_column][\/vc_row][vc_row full_width=&#8220;stretch_row_content_no_spaces&#8220; css=&#8220;.vc_custom_1708965977868{background-color: #000000 !important;}&#8220;][vc_column][vc_empty_space height=&#8220;50px&#8220;][\/vc_column][\/vc_row][vc_row full_width=&#8220;stretch_row_content_no_spaces&#8220; parallax=&#8220;content-moving&#8220; parallax_image=&#8220;4117&#8243;][vc_column][vc_empty_space height=&#8220;100px&#8220;][vc_empty_space height=&#8220;100px&#8220;][vc_empty_space height=&#8220;100px&#8220;][vc_single_image image=&#8220;4131&#8243; img_size=&#8220;full&#8220; alignment=&#8220;center&#8220; onclick=&#8220;custom_link&#8220; link=&#8220;https:\/\/nutriexperts.com\/bgm-osteopathie\/kontakt\/&#8220;][vc_empty_space height=&#8220;100px&#8220;][vc_empty_space height=&#8220;100px&#8220;][vc_empty_space height=&#8220;100px&#8220;][\/vc_column][\/vc_row]<\/p>\n","protected":false},"excerpt":{"rendered":"<p>[vc_row full_width=&#8220;stretch_row_content_no_spaces&#8220;][vc_column][vc_empty_space height=&#8220;100px&#8220;][\/vc_column][\/vc_row][vc_row full_width=&#8220;stretch_row_content_no_spaces&#8220; parallax=&#8220;content-moving&#8220; css=&#8220;.vc_custom_1711727029465{background-image: url(http:\/\/nutriexperts.com\/bgm-2\/wp-content\/uploads\/sites\/37\/pexels-karolina-grabowska-4506109-scaled.jpg?id=4150) !important;}&#8220;][vc_column width=&#8220;1\/2&#8243;][vc_single_image image=&#8220;4114&#8243; img_size=&#8220;full&#8220;][vc_empty_space height=&#8220;100px&#8220;][vc_empty_space height=&#8220;100px&#8220;][vc_empty_space height=&#8220;100px&#8220;][vc_empty_space height=&#8220;100px&#8220;][vc_empty_space height=&#8220;100px&#8220;][vc_empty_space height=&#8220;100px&#8220;][\/vc_column][vc_column width=&#8220;1\/2&#8243;][vc_empty_space height=&#8220;100px&#8220;][vc_empty_space height=&#8220;100px&#8220;][vc_empty_space height=&#8220;100px&#8220;][vc_empty_space height=&#8220;100px&#8220;][vc_empty_space height=&#8220;100px&#8220;][vc_empty_space height=&#8220;100px&#8220;][vc_single_image image=&#8220;4113&#8243; img_size=&#8220;full&#8220;][\/vc_column][\/vc_row][vc_row full_width=&#8220;stretch_row_content&#8220;][vc_column width=&#8220;1\/2&#8243;][vc_empty_space height=&#8220;40px&#8220;][vc_single_image image=&#8220;4115&#8243; img_size=&#8220;400&#215;50&#8243; alignment=&#8220;center&#8220; style=&#8220;vc_box_shadow&#8220;][vc_empty_space height=&#8220;40px&#8220;][vc_single_image image=&#8220;4080&#8243; img_size=&#8220;450&#215;350&#8243; alignment=&#8220;center&#8220; style=&#8220;vc_box_shadow_3d&#8220; onclick=&#8220;custom_link&#8220; link=&#8220;#BGM&#8220;][\/vc_column][vc_column width=&#8220;1\/2&#8243;][vc_empty_space height=&#8220;40px&#8220;][vc_single_image image=&#8220;4119&#8243; img_size=&#8220;400&#215;50&#8243; alignment=&#8220;center&#8220; style=&#8220;vc_box_shadow&#8220;][vc_empty_space height=&#8220;40px&#8220;][vc_single_image image=&#8220;4072&#8243; img_size=&#8220;450&#215;350&#8243; alignment=&#8220;center&#8220; style=&#8220;vc_box_shadow_3d&#8220; onclick=&#8220;custom_link&#8220; link=&#8220;#BGF&#8220;][\/vc_column][\/vc_row][vc_row][vc_column][vc_empty_space height=&#8220;5px&#8220; el_id=&#8220;BGM&#8220;][vc_empty_space &hellip; <\/p>\n<p class=\"link-more\"><a href=\"https:\/\/nutriexperts.com\/bgm-2\/\" class=\"more-link\"><span class=\"screen-reader-text\">\u201eBGM Ostepathie.de\u201c<\/span> weiterlesen<\/a><\/p>\n","protected":false},"author":441,"featured_media":0,"parent":0,"menu_order":0,"comment_status":"closed","ping_status":"closed","template":"","meta":{"footnotes":""},"class_list":["post-3876","page","type-page","status-publish","hentry"],"_links":{"self":[{"href":"https:\/\/nutriexperts.com\/bgm-2\/wp-json\/wp\/v2\/pages\/3876","targetHints":{"allow":["GET"]}}],"collection":[{"href":"https:\/\/nutriexperts.com\/bgm-2\/wp-json\/wp\/v2\/pages"}],"about":[{"href":"https:\/\/nutriexperts.com\/bgm-2\/wp-json\/wp\/v2\/types\/page"}],"author":[{"embeddable":true,"href":"https:\/\/nutriexperts.com\/bgm-2\/wp-json\/wp\/v2\/users\/441"}],"replies":[{"embeddable":true,"href":"https:\/\/nutriexperts.com\/bgm-2\/wp-json\/wp\/v2\/comments?post=3876"}],"version-history":[{"count":5,"href":"https:\/\/nutriexperts.com\/bgm-2\/wp-json\/wp\/v2\/pages\/3876\/revisions"}],"predecessor-version":[{"id":4194,"href":"https:\/\/nutriexperts.com\/bgm-2\/wp-json\/wp\/v2\/pages\/3876\/revisions\/4194"}],"wp:attachment":[{"href":"https:\/\/nutriexperts.com\/bgm-2\/wp-json\/wp\/v2\/media?parent=3876"}],"curies":[{"name":"wp","href":"https:\/\/api.w.org\/{rel}","templated":true}]}}