{"id":3876,"date":"2018-01-17T20:58:52","date_gmt":"2018-01-17T19:58:52","guid":{"rendered":"http:\/\/neo-osteo.de\/?page_id=3876"},"modified":"2018-01-17T21:05:07","modified_gmt":"2018-01-17T20:05:07","slug":"team","status":"publish","type":"page","link":"https:\/\/nutriexperts.com\/martin_rinderer\/","title":{"rendered":"Team"},"content":{"rendered":"<p>[vc_row full_width=&#8220;stretch_row_content_no_spaces&#8220;][vc_column][vc_single_image image=&#8220;3914&#8243; img_size=&#8220;2200&#215;700&#8243; alignment=&#8220;center&#8220;][\/vc_column][\/vc_row][vc_row][vc_column][vc_empty_space height=&#8220;52px&#8220;][vc_column_text]<\/p>\n<h1 style=\"text-align: center\">Verbundenheit<\/h1>\n<p style=\"text-align: center\">Es gibt wundersch\u00f6ne Dinge auf dieser Welt. Mehr Lebensfreude, Gesundheit oder Energie anderen Menschen schenken zu k\u00f6nnen, kann sich zu einem Antrieb entwickeln, der Berge versetzt. Manchmal teilen wir solche W\u00fcnsche und Ziele mit anderen. Treffen sich diese H\u00e4nde mit einer gleichen Richtung im Herzen, kann daraus mehr entstehen. Durch einen Funken, der sie verbindet, der manchmal sogar kleine Welten ver\u00e4ndern kann.<\/p>\n<p>[\/vc_column_text][vc_empty_space height=&#8220;52px&#8220;][\/vc_column][\/vc_row][vc_row][vc_column width=&#8220;1\/2&#8243;][vc_single_image image=&#8220;3683&#8243; img_size=&#8220;300&#215;300&#8243; alignment=&#8220;center&#8220; style=&#8220;vc_box_shadow_circle_2&#8243;][vc_empty_space height=&#8220;22px&#8220;][vc_column_text]<\/p>\n<h2 style=\"text-align: center\">Jasmin Emmrich<\/h2>\n<p>[\/vc_column_text][vc_empty_space height=&#8220;22px&#8220;][vc_column_text]<\/p>\n<p style=\"text-align: center\"><strong>Praxisleitung<\/strong><\/p>\n<p style=\"text-align: center\">Heilpraktikerin mit Schwerpunkt Osteopathie, Kinderosteopathie, Coaching, klinische Psychoneuroimmunologie (kPNI)<\/p>\n<p>[\/vc_column_text][vc_empty_space height=&#8220;22px&#8220;][vc_column_text]<\/p>\n<p style=\"text-align: center\">Gesundheit ist kostbar und Heilung besteht manchmal aus mehr, als nur einer Pille. Manchmal braucht es tiefes Wissen \u00fcber die komplexen Funktionen im K\u00f6rper. Manchmal braucht es sogar schwere Operationen. Manchmal braucht es aber einfach einen Moment Ruhe, Kraft, Vertrauen in sich selbst, oder Halt. Osteopathie kann f\u00fcr Menschen wie ein Anker sein, an dem sie sich festhalten und wieder zu sich selbst finden k\u00f6nnen. Ein Ort, um Kraft zu sammeln und Ruhe zu finden. Osteopathie und ganzheitliche Behandlungen bestehen nicht nur aus einem therapeutischen Handwerk. Sie sind eine Leidenschaft.<\/p>\n<p>[\/vc_column_text][vc_empty_space height=&#8220;22px&#8220;][vc_btn title=&#8220;\u00dcber Jasmin Emmrich&#8220; style=&#8220;custom&#8220; custom_background=&#8220;#213d4b&#8220; custom_text=&#8220;#ffffff&#8220; size=&#8220;lg&#8220; align=&#8220;center&#8220; link=&#8220;url:http%3A%2F%2Fneo-osteo.de%2Fjasmin-emmrich%2F|||&#8220;][vc_empty_space height=&#8220;22px&#8220;][\/vc_column][vc_column width=&#8220;1\/2&#8243;][vc_single_image image=&#8220;3878&#8243; img_size=&#8220;300&#215;300&#8243; alignment=&#8220;center&#8220; style=&#8220;vc_box_shadow_circle_2&#8243;][vc_empty_space height=&#8220;22px&#8220;][vc_column_text]<\/p>\n<h2 style=\"text-align: center\">Moritz von der Borch<\/h2>\n<p>[\/vc_column_text][vc_empty_space height=&#8220;22px&#8220;][vc_column_text]<\/p>\n<p style=\"text-align: center\"><strong>Medizinjournalist (VMWJ)<\/strong><\/p>\n<p style=\"text-align: center\">BA. Pr\u00e4vention, Rehabilitation, Heilpraktiker i.A., Osteopathie i.A. Verantwortlich f\u00fcr Text und Inhalt<\/p>\n<p>[\/vc_column_text][vc_empty_space height=&#8220;22px&#8220;][vc_column_text]<\/p>\n<p style=\"text-align: center\">Das Leben ist etwas Wundervolles und Faszinierendes. Jedes Jahr entdecken wir etwas Neues \u00fcber den menschlichen K\u00f6rper und seine Gesundheit. Greifbar ist sie aber bis heute noch kaum. Osteopathie \u00fcberschreitet diese Grenze manchmal ein wenig.\u00a0Klare Kenntnisse \u00fcber Anatomie, Biochemie und sogar Biophysik als Basis tragend, besteht ihr Kern aus Verst\u00e4ndnis, der F\u00e4higkeit zuzuh\u00f6ren, Ganzheitlichkeit und Handeln. F\u00fcr kaum etwas bin ich so dankbar, es lernen und anderen weiter zu geben zu d\u00fcrfen.<\/p>\n<p style=\"text-align: center\">Pers\u00f6nliche Webseite: www.yourfunctionalmedicine.com<\/p>\n<p>[\/vc_column_text][vc_empty_space height=&#8220;22px&#8220;][\/vc_column][\/vc_row]<\/p>\n","protected":false},"excerpt":{"rendered":"<p>[vc_row full_width=&#8220;stretch_row_content_no_spaces&#8220;][vc_column][vc_single_image image=&#8220;3914&#8243; img_size=&#8220;2200&#215;700&#8243; alignment=&#8220;center&#8220;][\/vc_column][\/vc_row][vc_row][vc_column][vc_empty_space height=&#8220;52px&#8220;][vc_column_text] Verbundenheit Es gibt wundersch\u00f6ne Dinge auf dieser Welt. Mehr Lebensfreude, Gesundheit oder Energie anderen Menschen schenken zu k\u00f6nnen, kann sich zu einem Antrieb entwickeln, der Berge versetzt. Manchmal teilen wir solche W\u00fcnsche und Ziele mit anderen. Treffen sich diese H\u00e4nde mit einer gleichen Richtung im Herzen, kann daraus mehr &hellip; <\/p>\n<p class=\"link-more\"><a href=\"https:\/\/nutriexperts.com\/martin_rinderer\/\" class=\"more-link\"><span class=\"screen-reader-text\">\u201eTeam\u201c<\/span> weiterlesen<\/a><\/p>\n","protected":false},"author":441,"featured_media":0,"parent":0,"menu_order":0,"comment_status":"closed","ping_status":"closed","template":"no_title.php","meta":{"footnotes":""},"class_list":["post-3876","page","type-page","status-publish","hentry"],"_links":{"self":[{"href":"https:\/\/nutriexperts.com\/martin_rinderer\/wp-json\/wp\/v2\/pages\/3876","targetHints":{"allow":["GET"]}}],"collection":[{"href":"https:\/\/nutriexperts.com\/martin_rinderer\/wp-json\/wp\/v2\/pages"}],"about":[{"href":"https:\/\/nutriexperts.com\/martin_rinderer\/wp-json\/wp\/v2\/types\/page"}],"author":[{"embeddable":true,"href":"https:\/\/nutriexperts.com\/martin_rinderer\/wp-json\/wp\/v2\/users\/441"}],"replies":[{"embeddable":true,"href":"https:\/\/nutriexperts.com\/martin_rinderer\/wp-json\/wp\/v2\/comments?post=3876"}],"version-history":[{"count":5,"href":"https:\/\/nutriexperts.com\/martin_rinderer\/wp-json\/wp\/v2\/pages\/3876\/revisions"}],"predecessor-version":[{"id":3920,"href":"https:\/\/nutriexperts.com\/martin_rinderer\/wp-json\/wp\/v2\/pages\/3876\/revisions\/3920"}],"wp:attachment":[{"href":"https:\/\/nutriexperts.com\/martin_rinderer\/wp-json\/wp\/v2\/media?parent=3876"}],"curies":[{"name":"wp","href":"https:\/\/api.w.org\/{rel}","templated":true}]}}