{"id":3020,"date":"2017-05-24T12:39:35","date_gmt":"2017-05-24T10:39:35","guid":{"rendered":"https:\/\/nutriexperts.com\/neo_osteo\/?page_id=3020"},"modified":"2020-06-10T18:49:58","modified_gmt":"2020-06-10T16:49:58","slug":"impressum-und-datenschutz","status":"publish","type":"page","link":"https:\/\/nutriexperts.com\/von_der_borch_ostepathie\/impressum-und-datenschutz\/","title":{"rendered":"Impressum und Datenschutz"},"content":{"rendered":"<p>[vc_row][vc_column][vc_column_text]<\/p>\n<h1>Impressum<\/h1>\n<div class=\"row\">\n<div class=\"col-md-12\">\n<p>Angaben gem\u00e4\u00df \u00a7 5 TMG: Die Praxis &#8222;NeoOsteo&#8220;, verortet am Schaagring 15 in 41844 Wegberg, wird vertreten durch Jasmin Emmrich, erreichbar unter jasmin.emmrich@neo-osteo.de. Ihre Heilpraktikerpr\u00fcfung wurde 2014 an der Heinrich Heine Universit\u00e4t (schriftlich) in D\u00fcsseldorf und am Gesundheitsamt D\u00fcsseldorf (praktisch) abgelegt. Die zust\u00e4ndigen Gesundheits\u00e4mter sind das Gesundheitsamt Heinsberg (Valkenburger Stra\u00dfe 45, 52525 Heinsberg) und das Gesundheitsamt Bochum (Westring 28\/30, 44787 Bochum).<\/p>\n<h3>Datenschutz<\/h3>\n<p>Die Betreiber dieser Seiten nehmen den Schutz Ihrer pers\u00f6nlichen Daten sehr ernst. Wir behandeln Ihre personenbezogenen Daten vertraulich und entsprechend der gesetzlichen Datenschutzvorschriften. Die Nutzung unserer Webseite ist in der Regel ohne Angabe personenbezogener Daten m\u00f6glich. Wir weisen allerdings darauf hin, dass die Daten\u00fcbertragung im Internet (z.B. bei der Kommunikation per E-Mail) Sicherheitsl\u00fccken aufweisen kann. Ein l\u00fcckenloser Schutz der Daten vor dem Zugriff durch Dritte ist nicht m\u00f6glich.<\/p>\n<h3>Haftungshinweis<\/h3>\n<p>Texte, Bilder, Grafiken sowie Layout dieser Seiten unterliegen weltweitem Urheberrecht. Unerlaubte Verwendung, Reproduktion oder Weitergabe einzelner Inhalte oder kompletter Seiten werden sowohl straf- als auch zivilrechtlich verfolgt. Die Vervielf\u00e4ltigung von Informationen oder Daten, insbesondere die Verwendung von Texten, Textteilen oder Bildmaterial, bedarf der vorherigen ausdr\u00fccklichen Zustimmung der Heilpraktikerin Jasmin Emmrich, soweit es sich um eigene Inhalte handelt. S\u00e4mtliche fremden Inhalte unterliegen dem Urheberrecht der jeweils angef\u00fchrten Organisation \/ (juristischen) Personen und unterliegen weltweitem Urheberrechtsschutz. Jeder Missbrauch wird angezeigt und unter Aussch\u00f6pfung der gesetzlichen M\u00f6glichkeiten verfolgt.<\/p>\n<h3>Inhalt<\/h3>\n<p>Vorsorglich weist Jasmin Emmrich darauf hin, dass die von ihr abgegebenen Informationen auf der Homepage nicht genutzt werden k\u00f6nnen, um Krankheiten oder Leiden selbst zu erkennen und zu therapieren. Die Betreiberin dieser Seite, Jasmin Emmirch, unternimmt grosse Anstrengungen, aktuelle und korrekte Informationen auf dieser Internet-Site zur Verf\u00fcgung zu stellen. Die Betreiberin gibt jedoch keine Versicherung, Garantie oder Zusage im Hinblick auf Richtigkeit, Genauigkeit, Aktualit\u00e4t oder Vollst\u00e4ndigkeit der gegebenen Informationen. Die Inhaberin dieser Seite haftet nicht f\u00fcr Sch\u00e4den oder Verletzungen aufgrund des Zugangs oder eines nicht m\u00f6glichen Zugangs zu dieser Internet-Site. Die Betreiberin haftet auch nicht f\u00fcr Sch\u00e4den, die daraus entstanden sind, dass jemand auf die mit dieser Internet-Site zur Verf\u00fcgung gestellten Informationen vertraut hat. Jasmin Emmrich \u00fcbernimmt keinerlei Verantwortung f\u00fcr Informationen, die von Dritten stammen. Die Betreiberin beh\u00e4lt sich ausdr\u00fccklich das Recht vor, Inhalte zur\u00fcckzuweisen und\/oder Material von ihren Datentr\u00e4gern zu l\u00f6schen. Als Diensteanbieterin ist sie gem\u00e4ss \u00a7 7 Abs.1 TMG f\u00fcr eigene Inhalte auf diesen Seiten nach den allgemeinen Gesetzen verantwortlich. Nach \u00a7\u00a7 8 bis 10 TMG ist sie als Diensteanbieter jedoch nicht verpflichtet, \u00fcbermittelte oder gespeicherte fremde Informationen zu \u00fcberwachen oder nach Umst\u00e4nden zu forschen, die auf eine rechtswidrige T\u00e4tigkeit hinweisen. Verpflichtungen zur Entfernung oder Sperrung der Nutzung von Informationen nach den allgemeinen Gesetzen bleiben hiervon unber\u00fchrt. Eine diesbez\u00fcgliche Haftung ist jedoch erst ab dem Zeitpunkt der Kenntnis einer konkreten Rechtsverletzung m\u00f6glich. Bei bekannt werden von entsprechenden Rechtsverletzungen wir Jasmin Emmrich diese Inhalte umgehend entfernen.<\/p>\n<p>Artikel 5 Grundgesetz besagt: (1) Jeder hat das Recht, seine Meinung in Wort, Schrift und Bild frei zu \u00e4u\u00dfern und zu verbreiten und sich aus allgemein zug\u00e4nglichen Quellen ungehindert zu unterrichten. Die Pressefreiheit und die Freiheit der Berichterstattung durch Rundfunk und Film werden gew\u00e4hrleistet. Eine Zensur findet nicht statt. (2) Diese Rechte finden ihre Schranken in den Vorschriften der allgemeinen Gesetze, den gesetzlichen Bestimmungen zum Schutze der Jugend und in dem Recht der pers\u00f6nlichen Ehre. (3) Kunst und Wissenschaft, Forschung und Lehre sind frei. Die Freiheit der Lehre entbindet nicht von der Treue zur Verfassung.<\/p>\n<h3>Links<\/h3>\n<p>Diese Internet-Site kann Verbindungen oder Bez\u00fcge, sog. &#8222;Links&#8220;, zu anderen Internet-Sites aufweisen. Jasmin Emmrich\u00a0\u00fcbernimmt keine Verantwortung f\u00fcr den Inhalt dieser anderen Sites und haftet nicht f\u00fcr Sch\u00e4den oder Verletzungen aufgrund deren Inhalte. Jegliche Verbindung zu anderen Internet-Sites dient lediglich der Benutzerfreundlichkeit dieser Internet-Site. Alle Besucher dieser Website von Jasmin Emmrich\u00a0werden hiermit an ihre eigene Verantwortlichkeit erinnert und dazu aufgefordert, beim Surfen auf dem Web mit Bedacht vorzugehen. Deshalb kann Jasmin Emmrich f\u00fcr diese fremden Inhalte auch keine Gew\u00e4hr \u00fcbernehmen. F\u00fcr die Inhalte der verlinkten Seiten ist stets der jeweilige Anbieter oder Betreiber der Seiten verantwortlich. Die verlinkten Seiten wurden zum Zeitpunkt der Verlinkung auf m\u00f6gliche Rechtsverst\u00f6sse \u00fcberpr\u00fcft. Rechtswidrige Inhalte waren zum Zeitpunkt der Verlinkung nicht erkennbar. Eine permanente inhaltliche Kontrolle der verlinkten Seiten ist jedoch ohne konkrete Anhaltspunkte einer Rechtsverletzung nicht zumutbar. Bei bekannt werden von Rechtsverletzungen wird Jasmin Emmrich\u00a0derartige Links umgehend entfernen.<\/p>\n<h3>\u00c4nderungen<\/h3>\n<p>Diese Internet-Site wird den Benutzern als Service zur Verf\u00fcgung gestellt. Jasmin Emmrich beh\u00e4lt sich das Recht vor, den Inhalt zu jeder Zeit aus jedem Grund ohne irgendeine Benachrichtigung oder Vorank\u00fcndigung zu l\u00f6schen, zu \u00e4ndern oder zu erg\u00e4nzen. Jasmin Emmrich weist darauf hin, dass die Daten\u00fcbertragung im Internet (z.B. bei der Kommunikation per E-Mail) Sicherheitsl\u00fccken aufweisen kann. Ein l\u00fcckenloser Schutz der Daten vor dem Zugriff durch Dritte ist nicht m\u00f6glich. Der Nutzung von im Rahmen der Impressumspflicht ver\u00f6ffentlichten Kontaktdaten durch Dritte zur \u00dcbersendung von nicht ausdr\u00fccklich angeforderter Werbung und Informationsmaterialien wird hiermit ausdr\u00fccklich widersprochen. Die Betreiberin der Seite beh\u00e4lt sich ausdr\u00fccklich rechtliche Schritte im Falle der unverlangten Zusendung von Werbeinformationen, etwa durch Spam-Mails, vor.<\/p>\n<\/div>\n<\/div>\n<p>[\/vc_column_text][\/vc_column][\/vc_row]<\/p>\n","protected":false},"excerpt":{"rendered":"<p>[vc_row][vc_column][vc_column_text] Impressum Angaben gem\u00e4\u00df \u00a7 5 TMG: Die Praxis &#8222;NeoOsteo&#8220;, verortet am Schaagring 15 in 41844 Wegberg, wird vertreten durch Jasmin Emmrich, erreichbar unter jasmin.emmrich@neo-osteo.de. Ihre Heilpraktikerpr\u00fcfung wurde 2014 an der Heinrich Heine Universit\u00e4t (schriftlich) in D\u00fcsseldorf und am Gesundheitsamt D\u00fcsseldorf (praktisch) abgelegt. Die zust\u00e4ndigen Gesundheits\u00e4mter sind das Gesundheitsamt Heinsberg (Valkenburger Stra\u00dfe 45, 52525 Heinsberg) &hellip; <\/p>\n<p class=\"link-more\"><a href=\"https:\/\/nutriexperts.com\/von_der_borch_ostepathie\/impressum-und-datenschutz\/\" class=\"more-link\"><span class=\"screen-reader-text\">\u201eImpressum und Datenschutz\u201c<\/span> weiterlesen<\/a><\/p>\n","protected":false},"author":441,"featured_media":0,"parent":0,"menu_order":0,"comment_status":"closed","ping_status":"closed","template":"no_title.php","meta":{"footnotes":""},"class_list":["post-3020","page","type-page","status-publish","hentry"],"_links":{"self":[{"href":"https:\/\/nutriexperts.com\/von_der_borch_ostepathie\/wp-json\/wp\/v2\/pages\/3020","targetHints":{"allow":["GET"]}}],"collection":[{"href":"https:\/\/nutriexperts.com\/von_der_borch_ostepathie\/wp-json\/wp\/v2\/pages"}],"about":[{"href":"https:\/\/nutriexperts.com\/von_der_borch_ostepathie\/wp-json\/wp\/v2\/types\/page"}],"author":[{"embeddable":true,"href":"https:\/\/nutriexperts.com\/von_der_borch_ostepathie\/wp-json\/wp\/v2\/users\/441"}],"replies":[{"embeddable":true,"href":"https:\/\/nutriexperts.com\/von_der_borch_ostepathie\/wp-json\/wp\/v2\/comments?post=3020"}],"version-history":[{"count":2,"href":"https:\/\/nutriexperts.com\/von_der_borch_ostepathie\/wp-json\/wp\/v2\/pages\/3020\/revisions"}],"predecessor-version":[{"id":3112,"href":"https:\/\/nutriexperts.com\/von_der_borch_ostepathie\/wp-json\/wp\/v2\/pages\/3020\/revisions\/3112"}],"wp:attachment":[{"href":"https:\/\/nutriexperts.com\/von_der_borch_ostepathie\/wp-json\/wp\/v2\/media?parent=3020"}],"curies":[{"name":"wp","href":"https:\/\/api.w.org\/{rel}","templated":true}]}}