{"id":3876,"date":"2018-01-17T20:58:52","date_gmt":"2018-01-17T19:58:52","guid":{"rendered":"http:\/\/neo-osteo.de\/?page_id=3876"},"modified":"2020-07-31T17:57:31","modified_gmt":"2020-07-31T15:57:31","slug":"team","status":"publish","type":"page","link":"https:\/\/nutriexperts.com\/von_der_borch_ostepathie\/","title":{"rendered":"\u00dcber den Therapeuten"},"content":{"rendered":"<p>[vc_row full_width=&#8220;stretch_row_content_no_spaces&#8220;][vc_column][vc_single_image image=&#8220;3914&#8243; img_size=&#8220;2200&#215;700&#8243; alignment=&#8220;center&#8220;][\/vc_column][\/vc_row][vc_row][vc_column][vc_empty_space height=&#8220;22px&#8220;][vc_empty_space height=&#8220;22px&#8220;][vc_single_image image=&#8220;3945&#8243; img_size=&#8220;500&#215;500&#8243; alignment=&#8220;center&#8220; style=&#8220;vc_box_shadow_circle_2&#8243;][vc_empty_space height=&#8220;22px&#8220;][vc_column_text]<\/p>\n<h1 style=\"text-align: center\">Moritz von der Borch<\/h1>\n<p>[\/vc_column_text][vc_empty_space height=&#8220;22px&#8220;][vc_column_text]<\/p>\n<p style=\"text-align: center\">Medizin- und Wissenschaftsjournalist (VMWJ), BA. Pr\u00e4vention, Rehabilitation, Heilpraktiker f\u00fcr Osteopathie, Buchautor<\/p>\n<p style=\"text-align: center\">Pers\u00f6nliche Webseite: <a href=\"https:\/\/yourfunctionalmedicine.com\/\" target=\"_blank\" rel=\"noopener\">www.yourfuntionalmedicine.com<\/a><\/p>\n<p>[\/vc_column_text][vc_empty_space height=&#8220;22px&#8220;][vc_separator style=&#8220;shadow&#8220;][\/vc_column][\/vc_row][vc_row][vc_column][vc_empty_space height=&#8220;52px&#8220;][vc_column_text]<\/p>\n<h1 style=\"text-align: center\">Warum studiert ein Medizinjournalist Osteopathie?<\/h1>\n<h4 style=\"text-align: center\">Wissenschaft in seiner Reinform verk\u00f6rpert Neugierde, Diskussion, Offenheit und den Wunsch, jeden Tag wachsen zu k\u00f6nnen.<\/h4>\n<h4 style=\"text-align: center\">Medizin in seiner Reinform dient dem Menschen, dient der Gesundheit und handelt nach dem hippokratischen Eid. &#8222;Primum non nocere&#8220; &#8211; erstens nicht schaden.<\/h4>\n<h4 style=\"text-align: center\">Osteopathie verk\u00f6rpert den Dienst am Menschen, dient der Gesundheit, basiert auf Wissenschaft, Diagnostik, Reproduzierbarkeit, Offenheit, handelt nach dem hippokratischen Eid und verk\u00f6rpert den Wunsch, jeden Tag die Welt ein bisschen mehr wachsen zu lassen.<\/h4>\n<h4 style=\"text-align: center\">Eine Entscheidung fiel leicht.<\/h4>\n<p>[\/vc_column_text][vc_empty_space height=&#8220;52px&#8220;][\/vc_column][\/vc_row]<\/p>\n","protected":false},"excerpt":{"rendered":"<p>[vc_row full_width=&#8220;stretch_row_content_no_spaces&#8220;][vc_column][vc_single_image image=&#8220;3914&#8243; img_size=&#8220;2200&#215;700&#8243; alignment=&#8220;center&#8220;][\/vc_column][\/vc_row][vc_row][vc_column][vc_empty_space height=&#8220;22px&#8220;][vc_empty_space height=&#8220;22px&#8220;][vc_single_image image=&#8220;3945&#8243; img_size=&#8220;500&#215;500&#8243; alignment=&#8220;center&#8220; style=&#8220;vc_box_shadow_circle_2&#8243;][vc_empty_space height=&#8220;22px&#8220;][vc_column_text] Moritz von der Borch [\/vc_column_text][vc_empty_space height=&#8220;22px&#8220;][vc_column_text] Medizin- und Wissenschaftsjournalist (VMWJ), BA. Pr\u00e4vention, Rehabilitation, Heilpraktiker f\u00fcr Osteopathie, Buchautor Pers\u00f6nliche Webseite: www.yourfuntionalmedicine.com [\/vc_column_text][vc_empty_space height=&#8220;22px&#8220;][vc_separator style=&#8220;shadow&#8220;][\/vc_column][\/vc_row][vc_row][vc_column][vc_empty_space height=&#8220;52px&#8220;][vc_column_text] Warum studiert ein Medizinjournalist Osteopathie? Wissenschaft in seiner Reinform verk\u00f6rpert Neugierde, Diskussion, Offenheit und den Wunsch, jeden Tag wachsen &hellip; <\/p>\n<p class=\"link-more\"><a href=\"https:\/\/nutriexperts.com\/von_der_borch_ostepathie\/\" class=\"more-link\"><span class=\"screen-reader-text\">\u201e\u00dcber den Therapeuten\u201c<\/span> weiterlesen<\/a><\/p>\n","protected":false},"author":441,"featured_media":0,"parent":0,"menu_order":0,"comment_status":"closed","ping_status":"closed","template":"no_title.php","meta":{"footnotes":""},"class_list":["post-3876","page","type-page","status-publish","hentry"],"_links":{"self":[{"href":"https:\/\/nutriexperts.com\/von_der_borch_ostepathie\/wp-json\/wp\/v2\/pages\/3876","targetHints":{"allow":["GET"]}}],"collection":[{"href":"https:\/\/nutriexperts.com\/von_der_borch_ostepathie\/wp-json\/wp\/v2\/pages"}],"about":[{"href":"https:\/\/nutriexperts.com\/von_der_borch_ostepathie\/wp-json\/wp\/v2\/types\/page"}],"author":[{"embeddable":true,"href":"https:\/\/nutriexperts.com\/von_der_borch_ostepathie\/wp-json\/wp\/v2\/users\/441"}],"replies":[{"embeddable":true,"href":"https:\/\/nutriexperts.com\/von_der_borch_ostepathie\/wp-json\/wp\/v2\/comments?post=3876"}],"version-history":[{"count":5,"href":"https:\/\/nutriexperts.com\/von_der_borch_ostepathie\/wp-json\/wp\/v2\/pages\/3876\/revisions"}],"predecessor-version":[{"id":3952,"href":"https:\/\/nutriexperts.com\/von_der_borch_ostepathie\/wp-json\/wp\/v2\/pages\/3876\/revisions\/3952"}],"wp:attachment":[{"href":"https:\/\/nutriexperts.com\/von_der_borch_ostepathie\/wp-json\/wp\/v2\/media?parent=3876"}],"curies":[{"name":"wp","href":"https:\/\/api.w.org\/{rel}","templated":true}]}}